{"id":790,"date":"2024-11-25T13:02:49","date_gmt":"2024-11-25T13:02:49","guid":{"rendered":"https:\/\/www.elkowalsky.com\/?post_type=product&#038;p=790"},"modified":"2024-11-25T13:04:06","modified_gmt":"2024-11-25T13:04:06","slug":"camiseta-incidente-manises-1979","status":"publish","type":"product","link":"https:\/\/www.elkowalsky.com\/index.php\/producto\/camiseta-incidente-manises-1979\/","title":{"rendered":"Camiseta Incidente Manises 1979"},"content":{"rendered":"<p style=\"margin-bottom: 1.66667em;\">Camiseta Incidente Manises 1979<\/p>\n<p style=\"margin-bottom: 1.66667em;\">Indica Talla.<\/p>\n<p style=\"margin-bottom: 1.66667em;\">Camiseta Negra Unisex.<\/p>\n<p style=\"margin-bottom: 1.66667em;\">\u00a1Prep\u00e1rate para adentrarte en el MUNDO del MISTERIO con nuestras camisetas de HOMBRES DE NEGRO PODCAST!<\/p>\n<p style=\"margin-bottom: 1.66667em;\">Inspiradas en los legendarios agentes extragubernamentales, te transportar\u00e1n a un universo ins\u00f3lito y lleno de misterios. Con un dise\u00f1o vintage inspirado en los c\u00f3mics de los a\u00f1os 70.<\/p>\n<p style=\"margin-bottom: 1.66667em;\">\u00a1\u00danete a nuestra agencia secreta con nuestras camisetas de Hombres de Negro podcast! Estilo gal\u00e1ctico garantizado. \ud83d\udd76\ufe0f\ud83d\udc7d #HombresdeNegro #ModaMisterio \ud83c\udf0c\ud83d\udd76\ufe0f<\/p>\n","protected":false},"excerpt":{"rendered":"<p>Camiseta Incidente Manises 1979 Indica Talla. Camiseta Negra Unisex. \u00a1Prep\u00e1rate para adentrarte en el MUNDO del MISTERIO con nuestras camisetas de HOMBRES DE NEGRO PODCAST! Inspiradas en los legendarios agentes extragubernamentales, te transportar\u00e1n a un universo ins\u00f3lito y lleno de misterios. Con un dise\u00f1o vintage inspirado en los c\u00f3mics de los a\u00f1os 70. \u00a1\u00danete a [&hellip;]<\/p>\n","protected":false},"featured_media":796,"comment_status":"open","ping_status":"closed","template":"","meta":[],"product_cat":[24],"product_tag":[],"class_list":["post-790","product","type-product","status-publish","has-post-thumbnail","hentry","product_cat-camisetas"],"_links":{"self":[{"href":"https:\/\/www.elkowalsky.com\/index.php\/wp-json\/wp\/v2\/product\/790","targetHints":{"allow":["GET"]}}],"collection":[{"href":"https:\/\/www.elkowalsky.com\/index.php\/wp-json\/wp\/v2\/product"}],"about":[{"href":"https:\/\/www.elkowalsky.com\/index.php\/wp-json\/wp\/v2\/types\/product"}],"replies":[{"embeddable":true,"href":"https:\/\/www.elkowalsky.com\/index.php\/wp-json\/wp\/v2\/comments?post=790"}],"wp:featuredmedia":[{"embeddable":true,"href":"https:\/\/www.elkowalsky.com\/index.php\/wp-json\/wp\/v2\/media\/796"}],"wp:attachment":[{"href":"https:\/\/www.elkowalsky.com\/index.php\/wp-json\/wp\/v2\/media?parent=790"}],"wp:term":[{"taxonomy":"product_cat","embeddable":true,"href":"https:\/\/www.elkowalsky.com\/index.php\/wp-json\/wp\/v2\/product_cat?post=790"},{"taxonomy":"product_tag","embeddable":true,"href":"https:\/\/www.elkowalsky.com\/index.php\/wp-json\/wp\/v2\/product_tag?post=790"}],"curies":[{"name":"wp","href":"https:\/\/api.w.org\/{rel}","templated":true}]}}