{"id":701,"date":"2024-03-20T22:22:56","date_gmt":"2024-03-20T22:22:56","guid":{"rendered":"https:\/\/www.elkowalsky.com\/?post_type=product&#038;p=701"},"modified":"2024-03-20T22:28:32","modified_gmt":"2024-03-20T22:28:32","slug":"camiseta-hombres-de-negro-podcast-3-copia","status":"publish","type":"product","link":"https:\/\/www.elkowalsky.com\/index.php\/producto\/camiseta-hombres-de-negro-podcast-3-copia\/","title":{"rendered":"Camiseta Hombres de Negro Podcast &#8211; 4"},"content":{"rendered":"<p style=\"margin-bottom: 1.66667em;\">Camiseta Hombres de Negro Podcast &#8211; 4<\/p>\n<p style=\"margin-bottom: 1.66667em;\">Indica Talla.<\/p>\n<p style=\"margin-bottom: 1.66667em;\">Camiseta Negra Unisex.<\/p>\n<p style=\"margin-bottom: 1.66667em;\">\u00a1Prep\u00e1rate para adentrarte en el MUNDO del MISTERIO con nuestras camisetas de HOMBRES DE NEGRO PODCAST!<\/p>\n<p style=\"margin-bottom: 1.66667em;\">Inspiradas en los legendarios agentes extragubernamentales, te transportar\u00e1n a un universo ins\u00f3lito y lleno de misterios. Con un dise\u00f1o vintage inspirado en los c\u00f3mics de los a\u00f1os 70.<\/p>\n<p style=\"margin-bottom: 1.66667em;\">\u00a1\u00danete a nuestra agencia secreta con nuestras camisetas de Hombres de Negro podcast! Estilo gal\u00e1ctico garantizado. \ud83d\udd76\ufe0f\ud83d\udc7d #HombresdeNegro #ModaMisterio \ud83c\udf0c\ud83d\udd76\ufe0f<\/p>\n","protected":false},"excerpt":{"rendered":"<p>Camiseta Hombres de Negro Podcast &#8211; 4 Indica Talla. Camiseta Negra Unisex. \u00a1Prep\u00e1rate para adentrarte en el MUNDO del MISTERIO con nuestras camisetas de HOMBRES DE NEGRO PODCAST! Inspiradas en los legendarios agentes extragubernamentales, te transportar\u00e1n a un universo ins\u00f3lito y lleno de misterios. Con un dise\u00f1o vintage inspirado en los c\u00f3mics de los a\u00f1os [&hellip;]<\/p>\n","protected":false},"featured_media":707,"comment_status":"open","ping_status":"closed","template":"","meta":[],"product_cat":[24],"product_tag":[],"class_list":["post-701","product","type-product","status-publish","has-post-thumbnail","hentry","product_cat-camisetas"],"_links":{"self":[{"href":"https:\/\/www.elkowalsky.com\/index.php\/wp-json\/wp\/v2\/product\/701","targetHints":{"allow":["GET"]}}],"collection":[{"href":"https:\/\/www.elkowalsky.com\/index.php\/wp-json\/wp\/v2\/product"}],"about":[{"href":"https:\/\/www.elkowalsky.com\/index.php\/wp-json\/wp\/v2\/types\/product"}],"replies":[{"embeddable":true,"href":"https:\/\/www.elkowalsky.com\/index.php\/wp-json\/wp\/v2\/comments?post=701"}],"wp:featuredmedia":[{"embeddable":true,"href":"https:\/\/www.elkowalsky.com\/index.php\/wp-json\/wp\/v2\/media\/707"}],"wp:attachment":[{"href":"https:\/\/www.elkowalsky.com\/index.php\/wp-json\/wp\/v2\/media?parent=701"}],"wp:term":[{"taxonomy":"product_cat","embeddable":true,"href":"https:\/\/www.elkowalsky.com\/index.php\/wp-json\/wp\/v2\/product_cat?post=701"},{"taxonomy":"product_tag","embeddable":true,"href":"https:\/\/www.elkowalsky.com\/index.php\/wp-json\/wp\/v2\/product_tag?post=701"}],"curies":[{"name":"wp","href":"https:\/\/api.w.org\/{rel}","templated":true}]}}