{"id":449,"date":"2023-02-01T11:03:54","date_gmt":"2023-02-01T11:03:54","guid":{"rendered":"https:\/\/www.elkowalsky.com\/?post_type=product&#038;p=449"},"modified":"2024-03-20T09:45:44","modified_gmt":"2024-03-20T09:45:44","slug":"leyendas-virales","status":"publish","type":"product","link":"https:\/\/www.elkowalsky.com\/index.php\/producto\/leyendas-virales\/","title":{"rendered":"Leyendas Virales (Amazon)"},"content":{"rendered":"<p>Libro Leyendas Virales versi\u00f3n AMAZON.<\/p>\n<p>Sinopsis: Como es bien sabido, la red de redes es el nuevo campo por donde pastan alegremente las leyendas urbanas hoy en d\u00eda. Este nuevo campo, lo digital, ha dotado a las leyendas urbanas cl\u00e1sicas de nuevas formas de propagaci\u00f3n. Retuitear, las cadenas de WhatsApp, el reenv\u00edo masivo de archivos, etc&#8230; han provocado que la difusi\u00f3n de estas historias viaje a la velocidad de la luz, y, en consecuencia, las leyendas urbanas cl\u00e1sicas han sufrido una evoluci\u00f3n, tanto en su forma como en su contenido.<\/p>\n","protected":false},"excerpt":{"rendered":"<p>Libro Leyendas Virales versi\u00f3n AMAZON. Sinopsis: Como es bien sabido, la red de redes es el nuevo campo por donde pastan alegremente las leyendas urbanas hoy en d\u00eda. Este nuevo campo, lo digital, ha dotado a las leyendas urbanas cl\u00e1sicas de nuevas formas de propagaci\u00f3n. Retuitear, las cadenas de WhatsApp, el reenv\u00edo masivo de archivos, [&hellip;]<\/p>\n","protected":false},"featured_media":548,"comment_status":"open","ping_status":"closed","template":"","meta":[],"product_cat":[23],"product_tag":[],"class_list":["post-449","product","type-product","status-publish","has-post-thumbnail","hentry","product_cat-libro-leyendas-virales"],"_links":{"self":[{"href":"https:\/\/www.elkowalsky.com\/index.php\/wp-json\/wp\/v2\/product\/449","targetHints":{"allow":["GET"]}}],"collection":[{"href":"https:\/\/www.elkowalsky.com\/index.php\/wp-json\/wp\/v2\/product"}],"about":[{"href":"https:\/\/www.elkowalsky.com\/index.php\/wp-json\/wp\/v2\/types\/product"}],"replies":[{"embeddable":true,"href":"https:\/\/www.elkowalsky.com\/index.php\/wp-json\/wp\/v2\/comments?post=449"}],"wp:featuredmedia":[{"embeddable":true,"href":"https:\/\/www.elkowalsky.com\/index.php\/wp-json\/wp\/v2\/media\/548"}],"wp:attachment":[{"href":"https:\/\/www.elkowalsky.com\/index.php\/wp-json\/wp\/v2\/media?parent=449"}],"wp:term":[{"taxonomy":"product_cat","embeddable":true,"href":"https:\/\/www.elkowalsky.com\/index.php\/wp-json\/wp\/v2\/product_cat?post=449"},{"taxonomy":"product_tag","embeddable":true,"href":"https:\/\/www.elkowalsky.com\/index.php\/wp-json\/wp\/v2\/product_tag?post=449"}],"curies":[{"name":"wp","href":"https:\/\/api.w.org\/{rel}","templated":true}]}}