{"id":420,"date":"2022-09-01T08:41:54","date_gmt":"2022-09-01T08:41:54","guid":{"rendered":"https:\/\/www.elkowalsky.com\/?page_id=420"},"modified":"2024-03-22T08:35:11","modified_gmt":"2024-03-22T08:35:11","slug":"magufers","status":"publish","type":"page","link":"https:\/\/www.elkowalsky.com\/index.php\/magufers\/","title":{"rendered":"Lugares y Misterios"},"content":{"rendered":"\n<p class=\"has-text-align-center\">Este constituye mi proyecto m\u00e1s reciente, un espacio en el que puedo compartir una de mis m\u00e1s grandes pasiones en la vida: \u00a1VIAJAR! Acomp\u00e1\u00f1ame en esta emocionante traves\u00eda y descubre, en tiempo real, Lugares y Misterios en destinos fascinantes, gracias a mis canales en INSTAGRAM y TIK TOK.<\/p>\n\n\n\n<p class=\"has-text-align-center\">\u00danete a esta nueva aventura y, junto a m\u00ed, explora lugares remotos cargados de historias asombrosas.<\/p>\n\n\n\n<div class=\"wp-block-columns is-layout-flex wp-container-core-columns-is-layout-1 wp-block-columns-is-layout-flex\">\n<div class=\"wp-block-column is-layout-flow wp-block-column-is-layout-flow\">\n<figure class=\"wp-block-image size-full\"><img fetchpriority=\"high\" decoding=\"async\" width=\"710\" height=\"870\" src=\"https:\/\/www.elkowalsky.com\/wp-content\/uploads\/2023\/11\/LUGARESYMISTERIOS-TIK-TOK-1.png\" alt=\"\" class=\"wp-image-520\" srcset=\"https:\/\/www.elkowalsky.com\/wp-content\/uploads\/2023\/11\/LUGARESYMISTERIOS-TIK-TOK-1.png 710w, https:\/\/www.elkowalsky.com\/wp-content\/uploads\/2023\/11\/LUGARESYMISTERIOS-TIK-TOK-1-324x397.png 324w, https:\/\/www.elkowalsky.com\/wp-content\/uploads\/2023\/11\/LUGARESYMISTERIOS-TIK-TOK-1-416x510.png 416w, https:\/\/www.elkowalsky.com\/wp-content\/uploads\/2023\/11\/LUGARESYMISTERIOS-TIK-TOK-1-245x300.png 245w\" sizes=\"(max-width: 710px) 100vw, 710px\" \/><\/figure>\n<\/div>\n\n\n\n<div class=\"wp-block-column is-layout-flow wp-block-column-is-layout-flow\">\n<figure class=\"wp-block-image size-full\"><a href=\"https:\/\/www.instagram.com\/lugaresymisterios\/\"><img decoding=\"async\" width=\"710\" height=\"870\" src=\"https:\/\/www.elkowalsky.com\/wp-content\/uploads\/2023\/11\/LUGARESYMISTERIOS-INSTAGRAM.png\" alt=\"\" class=\"wp-image-518\" srcset=\"https:\/\/www.elkowalsky.com\/wp-content\/uploads\/2023\/11\/LUGARESYMISTERIOS-INSTAGRAM.png 710w, https:\/\/www.elkowalsky.com\/wp-content\/uploads\/2023\/11\/LUGARESYMISTERIOS-INSTAGRAM-324x397.png 324w, https:\/\/www.elkowalsky.com\/wp-content\/uploads\/2023\/11\/LUGARESYMISTERIOS-INSTAGRAM-416x510.png 416w, https:\/\/www.elkowalsky.com\/wp-content\/uploads\/2023\/11\/LUGARESYMISTERIOS-INSTAGRAM-245x300.png 245w\" sizes=\"(max-width: 710px) 100vw, 710px\" \/><\/a><\/figure>\n<\/div>\n<\/div>\n\n\n\n<div class=\"wp-block-columns is-layout-flex wp-container-core-columns-is-layout-2 wp-block-columns-is-layout-flex\">\n<div class=\"wp-block-column is-layout-flow wp-block-column-is-layout-flow\">\n<p class=\"has-text-align-center\"><a href=\"https:\/\/www.tiktok.com\/@lugaresymisterios\">S\u00edgueme en TIK TOK<\/a><\/p>\n<\/div>\n\n\n\n<div class=\"wp-block-column is-layout-flow wp-block-column-is-layout-flow\">\n<p class=\"has-text-align-center\"><a href=\"https:\/\/www.instagram.com\/lugaresymisterios\/\">S\u00edgueme en INSTAGRAM<\/a><\/p>\n<\/div>\n<\/div>\n","protected":false},"excerpt":{"rendered":"<p>Este constituye mi proyecto m\u00e1s reciente, un espacio en el que puedo compartir una de mis m\u00e1s grandes pasiones en la vida: \u00a1VIAJAR! Acomp\u00e1\u00f1ame en esta emocionante traves\u00eda y descubre, en tiempo real, Lugares y Misterios en destinos fascinantes, gracias a mis canales en INSTAGRAM y TIK TOK. \u00danete a esta nueva aventura y, junto [&hellip;]<\/p>\n","protected":false},"author":1,"featured_media":0,"parent":0,"menu_order":0,"comment_status":"closed","ping_status":"closed","template":"","meta":{"footnotes":""},"class_list":["post-420","page","type-page","status-publish","hentry"],"_links":{"self":[{"href":"https:\/\/www.elkowalsky.com\/index.php\/wp-json\/wp\/v2\/pages\/420","targetHints":{"allow":["GET"]}}],"collection":[{"href":"https:\/\/www.elkowalsky.com\/index.php\/wp-json\/wp\/v2\/pages"}],"about":[{"href":"https:\/\/www.elkowalsky.com\/index.php\/wp-json\/wp\/v2\/types\/page"}],"author":[{"embeddable":true,"href":"https:\/\/www.elkowalsky.com\/index.php\/wp-json\/wp\/v2\/users\/1"}],"replies":[{"embeddable":true,"href":"https:\/\/www.elkowalsky.com\/index.php\/wp-json\/wp\/v2\/comments?post=420"}],"version-history":[{"count":5,"href":"https:\/\/www.elkowalsky.com\/index.php\/wp-json\/wp\/v2\/pages\/420\/revisions"}],"predecessor-version":[{"id":754,"href":"https:\/\/www.elkowalsky.com\/index.php\/wp-json\/wp\/v2\/pages\/420\/revisions\/754"}],"wp:attachment":[{"href":"https:\/\/www.elkowalsky.com\/index.php\/wp-json\/wp\/v2\/media?parent=420"}],"curies":[{"name":"wp","href":"https:\/\/api.w.org\/{rel}","templated":true}]}}